{"id":241,"date":"2022-08-04T19:14:05","date_gmt":"2022-08-04T22:14:05","guid":{"rendered":"http:\/\/centrodezoonoses.campinagrande.pb.gov.br\/?page_id=241"},"modified":"2024-01-24T15:56:29","modified_gmt":"2024-01-24T18:56:29","slug":"adocao","status":"publish","type":"page","link":"https:\/\/centrodezoonoses.campinagrande.pb.gov.br\/?page_id=241","title":{"rendered":"Ado\u00e7\u00e3o"},"content":{"rendered":"\t\t<div data-elementor-type=\"wp-page\" data-elementor-id=\"241\" class=\"elementor elementor-241\">\n\t\t\t\t\t\t<section class=\"elementor-section elementor-top-section elementor-element elementor-element-b44a8ef elementor-section-boxed elementor-section-height-default elementor-section-height-default\" data-id=\"b44a8ef\" data-element_type=\"section\">\n\t\t\t\t\t\t<div class=\"elementor-container elementor-column-gap-default\">\n\t\t\t\t\t<div class=\"elementor-column elementor-col-100 elementor-top-column elementor-element elementor-element-14b2f59\" data-id=\"14b2f59\" data-element_type=\"column\">\n\t\t\t<div class=\"elementor-widget-wrap elementor-element-populated\">\n\t\t\t\t\t\t<div class=\"elementor-element elementor-element-e2c2168 elementor-widget elementor-widget-text-editor\" data-id=\"e2c2168\" data-element_type=\"widget\" data-widget_type=\"text-editor.default\">\n\t\t\t\t<div class=\"elementor-widget-container\">\n\t\t\t\t\t\t\t\t\t<p style=\"text-align: justify; text-indent: 35.4pt; line-height: 150%; margin: 6.0pt 0cm 6.0pt 0cm;\"><span style=\"font-family: 'Arial',sans-serif;\">Mesmo n\u00e3o destinado especificamente para essa finalidade de recolhimento de animais, alguns acabam dando entrada no Centro de Controle de Zoonoses (CCZ), seja com a suspeita de alguma zoonose conforme an\u00e1lise de crit\u00e9rios e testes realizados, ou at\u00e9 mesmo v\u00edtimas de maus-tratos.\u00a0<\/span><\/p><p style=\"text-align: justify; text-indent: 35.4pt; line-height: 150%; margin: 6.0pt 0cm 6.0pt 0cm;\"><span style=\"font-family: 'Arial',sans-serif;\">Ap\u00f3s o per\u00edodo de isolamento e observa\u00e7\u00e3o, descartada a suspeita da zoonose e feita a recupera\u00e7\u00e3o, estes animais ficam dispon\u00edveis para a ado\u00e7\u00e3o. Para adotar algum animal no CCZ \u00e9 necess\u00e1rio comparecer portando <b>CPF, RG e comprovante de resid\u00eanci<\/b>a atualizado, al\u00e9m de passar por uma entrevista para garantir uma ado\u00e7\u00e3o respons\u00e1vel ao PET.<\/span><\/p><p style=\"text-align: justify; text-indent: 35.4pt; line-height: 150%; margin: 6.0pt 0cm 6.0pt 0cm;\"><span style=\"font-family: 'Arial',sans-serif;\">Lembrando que caso voc\u00ea adote algum animal que n\u00e3o seja castrado, voc\u00ea pode solicitar a castra\u00e7\u00e3o do mesmo gratuitamente, sem necessidade de agendamento.\u00a0<\/span><\/p>\t\t\t\t\t\t\t\t<\/div>\n\t\t\t\t<\/div>\n\t\t\t\t\t<\/div>\n\t\t<\/div>\n\t\t\t\t\t<\/div>\n\t\t<\/section>\n\t\t\t\t<section class=\"elementor-section elementor-top-section elementor-element elementor-element-47fdfdd elementor-section-boxed elementor-section-height-default elementor-section-height-default\" data-id=\"47fdfdd\" data-element_type=\"section\">\n\t\t\t\t\t\t<div class=\"elementor-container elementor-column-gap-default\">\n\t\t\t\t\t<div class=\"elementor-column elementor-col-100 elementor-top-column elementor-element elementor-element-a09c99c\" data-id=\"a09c99c\" data-element_type=\"column\">\n\t\t\t<div class=\"elementor-widget-wrap elementor-element-populated\">\n\t\t\t\t\t\t<div class=\"elementor-element elementor-element-dc89b32 elementor-widget elementor-widget-image\" data-id=\"dc89b32\" data-element_type=\"widget\" data-widget_type=\"image.default\">\n\t\t\t\t<div class=\"elementor-widget-container\">\n\t\t\t\t\t\t\t\t\t\t\t\t\t\t\t<img fetchpriority=\"high\" decoding=\"async\" width=\"640\" height=\"853\" src=\"https:\/\/centrodezoonoses.campinagrande.pb.gov.br\/wp-content\/uploads\/2024\/01\/WhatsApp-Image-2024-01-15-at-08.48.30-768x1024.jpeg\" class=\"attachment-large size-large wp-image-735\" alt=\"\" srcset=\"https:\/\/centrodezoonoses.campinagrande.pb.gov.br\/wp-content\/uploads\/2024\/01\/WhatsApp-Image-2024-01-15-at-08.48.30-768x1024.jpeg 768w, https:\/\/centrodezoonoses.campinagrande.pb.gov.br\/wp-content\/uploads\/2024\/01\/WhatsApp-Image-2024-01-15-at-08.48.30-225x300.jpeg 225w, https:\/\/centrodezoonoses.campinagrande.pb.gov.br\/wp-content\/uploads\/2024\/01\/WhatsApp-Image-2024-01-15-at-08.48.30-1152x1536.jpeg 1152w, https:\/\/centrodezoonoses.campinagrande.pb.gov.br\/wp-content\/uploads\/2024\/01\/WhatsApp-Image-2024-01-15-at-08.48.30.jpeg 1200w\" sizes=\"(max-width: 640px) 100vw, 640px\" \/>\t\t\t\t\t\t\t\t\t\t\t\t\t\t\t<\/div>\n\t\t\t\t<\/div>\n\t\t\t\t\t<\/div>\n\t\t<\/div>\n\t\t\t\t\t<\/div>\n\t\t<\/section>\n\t\t\t\t<\/div>\n\t\t","protected":false},"excerpt":{"rendered":"<p>Mesmo n\u00e3o destinado especificamente para essa finalidade de recolhimento de animais, alguns acabam dando entrada no Centro de Controle de Zoonoses (CCZ), seja com a [&hellip;]<\/p>\n","protected":false},"author":1,"featured_media":0,"parent":0,"menu_order":0,"comment_status":"closed","ping_status":"closed","template":"","meta":{"footnotes":""},"class_list":["post-241","page","type-page","status-publish","hentry"],"_links":{"self":[{"href":"https:\/\/centrodezoonoses.campinagrande.pb.gov.br\/index.php?rest_route=\/wp\/v2\/pages\/241","targetHints":{"allow":["GET"]}}],"collection":[{"href":"https:\/\/centrodezoonoses.campinagrande.pb.gov.br\/index.php?rest_route=\/wp\/v2\/pages"}],"about":[{"href":"https:\/\/centrodezoonoses.campinagrande.pb.gov.br\/index.php?rest_route=\/wp\/v2\/types\/page"}],"author":[{"embeddable":true,"href":"https:\/\/centrodezoonoses.campinagrande.pb.gov.br\/index.php?rest_route=\/wp\/v2\/users\/1"}],"replies":[{"embeddable":true,"href":"https:\/\/centrodezoonoses.campinagrande.pb.gov.br\/index.php?rest_route=%2Fwp%2Fv2%2Fcomments&post=241"}],"version-history":[{"count":19,"href":"https:\/\/centrodezoonoses.campinagrande.pb.gov.br\/index.php?rest_route=\/wp\/v2\/pages\/241\/revisions"}],"predecessor-version":[{"id":757,"href":"https:\/\/centrodezoonoses.campinagrande.pb.gov.br\/index.php?rest_route=\/wp\/v2\/pages\/241\/revisions\/757"}],"wp:attachment":[{"href":"https:\/\/centrodezoonoses.campinagrande.pb.gov.br\/index.php?rest_route=%2Fwp%2Fv2%2Fmedia&parent=241"}],"curies":[{"name":"wp","href":"https:\/\/api.w.org\/{rel}","templated":true}]}}