{"id":243,"date":"2022-08-04T19:14:35","date_gmt":"2022-08-04T22:14:35","guid":{"rendered":"http:\/\/centrodezoonoses.campinagrande.pb.gov.br\/?page_id=243"},"modified":"2024-01-24T15:57:21","modified_gmt":"2024-01-24T18:57:21","slug":"vacinas","status":"publish","type":"page","link":"https:\/\/centrodezoonoses.campinagrande.pb.gov.br\/?page_id=243","title":{"rendered":"Vacinas"},"content":{"rendered":"\t\t<div data-elementor-type=\"wp-page\" data-elementor-id=\"243\" class=\"elementor elementor-243\">\n\t\t\t\t\t\t<section class=\"elementor-section elementor-top-section elementor-element elementor-element-ff6df76 elementor-section-boxed elementor-section-height-default elementor-section-height-default\" data-id=\"ff6df76\" data-element_type=\"section\">\n\t\t\t\t\t\t<div class=\"elementor-container elementor-column-gap-default\">\n\t\t\t\t\t<div class=\"elementor-column elementor-col-100 elementor-top-column elementor-element elementor-element-81fc2aa\" data-id=\"81fc2aa\" data-element_type=\"column\">\n\t\t\t<div class=\"elementor-widget-wrap elementor-element-populated\">\n\t\t\t\t\t\t\t<\/div>\n\t\t<\/div>\n\t\t\t\t\t<\/div>\n\t\t<\/section>\n\t\t\t\t<section class=\"elementor-section elementor-top-section elementor-element elementor-element-d453a45 elementor-section-boxed elementor-section-height-default elementor-section-height-default\" data-id=\"d453a45\" data-element_type=\"section\">\n\t\t\t\t\t\t<div class=\"elementor-container elementor-column-gap-default\">\n\t\t\t\t\t<div class=\"elementor-column elementor-col-100 elementor-top-column elementor-element elementor-element-70f0f15\" data-id=\"70f0f15\" data-element_type=\"column\">\n\t\t\t<div class=\"elementor-widget-wrap elementor-element-populated\">\n\t\t\t\t\t\t<div class=\"elementor-element elementor-element-b323c22 elementor-widget elementor-widget-text-editor\" data-id=\"b323c22\" data-element_type=\"widget\" data-widget_type=\"text-editor.default\">\n\t\t\t\t<div class=\"elementor-widget-container\">\n\t\t\t\t\t\t\t\t\t<p class=\"MsoNormal\" style=\"text-align: justify; text-indent: 35.45pt; line-height: 150%; margin: 6.0pt 0cm 6.0pt 0cm;\"><span class=\"hgkelc\"><span lang=\"PT\" style=\"font-size: 12.0pt; line-height: 150%; font-family: 'Arial',sans-serif; mso-ansi-language: PT;\">As vacinas salvam a vida de milh\u00f5es de c\u00e3es e gatos em todo o mundo, antes das vacinas muitos deles morriam decorrente das complica\u00e7\u00f5es das doen\u00e7as. A vacina\u00e7\u00e3o correta, associada com cuidados m\u00e9dicos e nutricionais, faz com que a incid\u00eancia das doen\u00e7as diminua consideravelmente ano ap\u00f3s ano.<\/span><\/span><\/p>\n<p class=\"MsoNormal\" style=\"text-align: justify; text-indent: 35.45pt; line-height: 150%; margin: 6.0pt 0cm 6.0pt 0cm;\"><span class=\"hgkelc\"><span lang=\"PT\" style=\"font-size: 12.0pt; line-height: 150%; font-family: 'Arial',sans-serif; mso-ansi-language: PT;\">Vacinar seu pet \u00e9 um ato de carinho e amor com ele, com sua fam\u00edlia e toda sociedade, pois as vacinas ajudam na manuten\u00e7\u00e3o da sa\u00fade e evitam a dissemina\u00e7\u00e3o de doen\u00e7as.<\/span><\/span><\/p>\n<p class=\"MsoNormal\" style=\"text-align: justify; text-indent: 35.45pt; line-height: 150%; margin: 6.0pt 0cm 6.0pt 0cm;\"><span class=\"hgkelc\"><span lang=\"PT\" style=\"font-size: 12.0pt; line-height: 150%; font-family: 'Arial',sans-serif; mso-ansi-language: PT;\">Conclui-se, portanto, que a <b>vacina\u00e7\u00e3o<\/b> de c\u00e3es e gatos \u00e9 a principal forma de preven\u00e7\u00e3o contra muitas doen\u00e7as que podem acometer esses <b>animais<\/b>. Ao vacin\u00e1-los, podemos tamb\u00e9m evitar a transmiss\u00e3o de doen\u00e7as aos seres humanos, principalmente as de car\u00e1ter zoon\u00f3tico.<\/span><\/span><\/p>\n<p style=\"text-align: left;\">&nbsp; &nbsp; &nbsp; &nbsp; &nbsp; &nbsp; Aqui no Centro de Controle de Zoonoses aplicamos a vacina antirr\u00e1bica gratuitamente para toda a popula\u00e7\u00e3o campinense. O hor\u00e1rio de vacina\u00e7\u00e3o antirr\u00e1bica no CCZ \u00e9 de segunda a sexta, das <b>8h \u00e0s 12h <\/b>e das <b>13h30 \u00e0s 16h30<\/b>. Lembrando que a vacina antirr\u00e1bica \u00e9 destinada a c\u00e3es e gatos a partir dos <b>3 meses de vida<\/b> completos.<\/p>\n<p class=\"MsoNormal\" style=\"text-indent: 35.45pt; line-height: 150%; margin: 6pt 0cm; text-align: left;\"><span class=\"hgkelc\"><span lang=\"PT\" style=\"font-size: 12.0pt; line-height: 150%; font-family: 'Arial',sans-serif; mso-ansi-language: PT;\">&nbsp;<\/span><\/span><\/p>\t\t\t\t\t\t\t\t<\/div>\n\t\t\t\t<\/div>\n\t\t\t\t\t<\/div>\n\t\t<\/div>\n\t\t\t\t\t<\/div>\n\t\t<\/section>\n\t\t\t\t<section class=\"elementor-section elementor-top-section elementor-element elementor-element-53150dd elementor-section-boxed elementor-section-height-default elementor-section-height-default\" data-id=\"53150dd\" data-element_type=\"section\">\n\t\t\t\t\t\t<div class=\"elementor-container elementor-column-gap-default\">\n\t\t\t\t\t<div class=\"elementor-column elementor-col-100 elementor-top-column elementor-element elementor-element-40384b9\" data-id=\"40384b9\" data-element_type=\"column\">\n\t\t\t<div class=\"elementor-widget-wrap elementor-element-populated\">\n\t\t\t\t\t\t<div class=\"elementor-element elementor-element-7ce4d4c elementor-widget elementor-widget-image\" data-id=\"7ce4d4c\" data-element_type=\"widget\" data-widget_type=\"image.default\">\n\t\t\t\t<div class=\"elementor-widget-container\">\n\t\t\t\t\t\t\t\t\t\t\t\t\t\t\t<img fetchpriority=\"high\" decoding=\"async\" width=\"640\" height=\"424\" src=\"https:\/\/centrodezoonoses.campinagrande.pb.gov.br\/wp-content\/uploads\/2022\/09\/vacina-zoonoses2-1024x678.jpeg\" class=\"attachment-large size-large wp-image-371\" alt=\"\" srcset=\"https:\/\/centrodezoonoses.campinagrande.pb.gov.br\/wp-content\/uploads\/2022\/09\/vacina-zoonoses2-1024x678.jpeg 1024w, https:\/\/centrodezoonoses.campinagrande.pb.gov.br\/wp-content\/uploads\/2022\/09\/vacina-zoonoses2-e1664202212595-300x199.jpeg 300w, https:\/\/centrodezoonoses.campinagrande.pb.gov.br\/wp-content\/uploads\/2022\/09\/vacina-zoonoses2-768x508.jpeg 768w, https:\/\/centrodezoonoses.campinagrande.pb.gov.br\/wp-content\/uploads\/2022\/09\/vacina-zoonoses2-e1664202212595.jpeg 654w\" sizes=\"(max-width: 640px) 100vw, 640px\" \/>\t\t\t\t\t\t\t\t\t\t\t\t\t\t\t<\/div>\n\t\t\t\t<\/div>\n\t\t\t\t\t<\/div>\n\t\t<\/div>\n\t\t\t\t\t<\/div>\n\t\t<\/section>\n\t\t\t\t<\/div>\n\t\t","protected":false},"excerpt":{"rendered":"<p>As vacinas salvam a vida de milh\u00f5es de c\u00e3es e gatos em todo o mundo, antes das vacinas muitos deles morriam decorrente das complica\u00e7\u00f5es das [&hellip;]<\/p>\n","protected":false},"author":1,"featured_media":0,"parent":0,"menu_order":0,"comment_status":"closed","ping_status":"closed","template":"","meta":{"footnotes":""},"class_list":["post-243","page","type-page","status-publish","hentry"],"_links":{"self":[{"href":"https:\/\/centrodezoonoses.campinagrande.pb.gov.br\/index.php?rest_route=\/wp\/v2\/pages\/243","targetHints":{"allow":["GET"]}}],"collection":[{"href":"https:\/\/centrodezoonoses.campinagrande.pb.gov.br\/index.php?rest_route=\/wp\/v2\/pages"}],"about":[{"href":"https:\/\/centrodezoonoses.campinagrande.pb.gov.br\/index.php?rest_route=\/wp\/v2\/types\/page"}],"author":[{"embeddable":true,"href":"https:\/\/centrodezoonoses.campinagrande.pb.gov.br\/index.php?rest_route=\/wp\/v2\/users\/1"}],"replies":[{"embeddable":true,"href":"https:\/\/centrodezoonoses.campinagrande.pb.gov.br\/index.php?rest_route=%2Fwp%2Fv2%2Fcomments&post=243"}],"version-history":[{"count":16,"href":"https:\/\/centrodezoonoses.campinagrande.pb.gov.br\/index.php?rest_route=\/wp\/v2\/pages\/243\/revisions"}],"predecessor-version":[{"id":760,"href":"https:\/\/centrodezoonoses.campinagrande.pb.gov.br\/index.php?rest_route=\/wp\/v2\/pages\/243\/revisions\/760"}],"wp:attachment":[{"href":"https:\/\/centrodezoonoses.campinagrande.pb.gov.br\/index.php?rest_route=%2Fwp%2Fv2%2Fmedia&parent=243"}],"curies":[{"name":"wp","href":"https:\/\/api.w.org\/{rel}","templated":true}]}}