{"id":62,"date":"2022-02-25T09:28:09","date_gmt":"2022-02-25T12:28:09","guid":{"rendered":"http:\/\/localhost\/zoonoses\/?page_id=62"},"modified":"2022-08-05T17:52:18","modified_gmt":"2022-08-05T20:52:18","slug":"quem-somos","status":"publish","type":"page","link":"https:\/\/centrodezoonoses.campinagrande.pb.gov.br\/?page_id=62","title":{"rendered":"Quem Somos"},"content":{"rendered":"\t\t<div data-elementor-type=\"wp-page\" data-elementor-id=\"62\" class=\"elementor elementor-62\">\n\t\t\t\t\t\t<section class=\"elementor-section elementor-top-section elementor-element elementor-element-5c5b524 elementor-section-boxed elementor-section-height-default elementor-section-height-default\" data-id=\"5c5b524\" data-element_type=\"section\">\n\t\t\t\t\t\t<div class=\"elementor-container elementor-column-gap-default\">\n\t\t\t\t\t<div class=\"elementor-column elementor-col-100 elementor-top-column elementor-element elementor-element-6aa6a3d\" data-id=\"6aa6a3d\" data-element_type=\"column\">\n\t\t\t<div class=\"elementor-widget-wrap elementor-element-populated\">\n\t\t\t\t\t\t\t<\/div>\n\t\t<\/div>\n\t\t\t\t\t<\/div>\n\t\t<\/section>\n\t\t\t\t<section class=\"elementor-section elementor-top-section elementor-element elementor-element-84127ed elementor-section-boxed elementor-section-height-default elementor-section-height-default\" data-id=\"84127ed\" data-element_type=\"section\">\n\t\t\t\t\t\t<div class=\"elementor-container elementor-column-gap-default\">\n\t\t\t\t\t<div class=\"elementor-column elementor-col-100 elementor-top-column elementor-element elementor-element-6970f08\" data-id=\"6970f08\" data-element_type=\"column\">\n\t\t\t<div class=\"elementor-widget-wrap elementor-element-populated\">\n\t\t\t\t\t\t<div class=\"elementor-element elementor-element-93f476f elementor-widget elementor-widget-text-editor\" data-id=\"93f476f\" data-element_type=\"widget\" data-widget_type=\"text-editor.default\">\n\t\t\t\t<div class=\"elementor-widget-container\">\n\t\t\t\t\t\t\t\t\t<p style=\"text-align: justify; text-indent: 35.45pt; line-height: 150%; margin: 6.0pt 0cm 6.0pt 0cm;\"><span style=\"font-family: 'Arial',sans-serif;\">Somos um \u00f3rg\u00e3o da prefeitura municipal de Campina Grande\/PB, vinculado \u00e0 Secretaria de Sa\u00fade. A nossa compet\u00eancia \u00e9 respaldada nas legisla\u00e7\u00f5es vigentes, especialmente na <b>Portaria Federal de Consolida\u00e7\u00e3o n\u00ba 5<\/b>, de 28 de setembro de 2017 do Minist\u00e9rio da Sa\u00fade e na <b>Lei Municipal 6.144<\/b> de 2015. <\/span><\/p>\n<p style=\"text-align: justify; text-indent: 35.45pt; line-height: 150%; margin: 6.0pt 0cm 6.0pt 0cm;\"><span style=\"font-family: 'Arial',sans-serif;\">A prefeitura de Campina Grande\/PB, por meio da Secretaria de Sa\u00fade, vem a p\u00fablico esclarecer a popula\u00e7\u00e3o algumas atividades que s\u00e3o de compet\u00eancia do Centro de Controle de Zoonoses (CCZ), que \u00e9 uma estrutura f\u00edsica e t\u00e9cnica, vinculada ao Sistema \u00danico de Sa\u00fade (SUS), respons\u00e1vel pela execu\u00e7\u00e3o das atividades, a\u00e7\u00f5es e estrat\u00e9gias referentes \u00e0 vigil\u00e2ncia, preven\u00e7\u00e3o e controle de zoonoses, de grande relev\u00e2ncia para a sa\u00fade p\u00fablica.<\/span><\/p><p style=\"text-align: justify; text-indent: 35.45pt; line-height: 150%; margin: 6.0pt 0cm 6.0pt 0cm;\"><span style=\"font-family: 'Arial',sans-serif;\">As a\u00e7\u00f5es e as atividades realizadas pelo CCZ se pautam em atuar e intervir, direta ou indiretamente, sobre as popula\u00e7\u00f5es de animais alvo ou ambiente, de modo a refletir em benef\u00edcio direto \u00e0 sa\u00fade da popula\u00e7\u00e3o humana, redu\u00e7\u00e3o ou elimina\u00e7\u00e3o dos riscos.&nbsp;No entanto, n\u00e3o inclui a assist\u00eancia de animais que n\u00e3o se enquadrem em nossa compet\u00eancia.<\/span><\/p>\n<p><\/p>\n<p style=\"text-align: justify; text-indent: 35.45pt; line-height: 150%; margin: 6.0pt 0cm 6.0pt 0cm;\"><strong><span style=\"font-family: 'Arial',sans-serif; color: red;\">&nbsp;<\/span><\/strong><\/p>\t\t\t\t\t\t\t\t<\/div>\n\t\t\t\t<\/div>\n\t\t\t\t\t<\/div>\n\t\t<\/div>\n\t\t\t\t\t<\/div>\n\t\t<\/section>\n\t\t\t\t<\/div>\n\t\t","protected":false},"excerpt":{"rendered":"<p>Somos um \u00f3rg\u00e3o da prefeitura municipal de Campina Grande\/PB, vinculado \u00e0 Secretaria de Sa\u00fade. A nossa compet\u00eancia \u00e9 respaldada nas legisla\u00e7\u00f5es vigentes, especialmente na Portaria [&hellip;]<\/p>\n","protected":false},"author":1,"featured_media":0,"parent":0,"menu_order":0,"comment_status":"closed","ping_status":"closed","template":"","meta":{"footnotes":""},"class_list":["post-62","page","type-page","status-publish","hentry"],"_links":{"self":[{"href":"https:\/\/centrodezoonoses.campinagrande.pb.gov.br\/index.php?rest_route=\/wp\/v2\/pages\/62","targetHints":{"allow":["GET"]}}],"collection":[{"href":"https:\/\/centrodezoonoses.campinagrande.pb.gov.br\/index.php?rest_route=\/wp\/v2\/pages"}],"about":[{"href":"https:\/\/centrodezoonoses.campinagrande.pb.gov.br\/index.php?rest_route=\/wp\/v2\/types\/page"}],"author":[{"embeddable":true,"href":"https:\/\/centrodezoonoses.campinagrande.pb.gov.br\/index.php?rest_route=\/wp\/v2\/users\/1"}],"replies":[{"embeddable":true,"href":"https:\/\/centrodezoonoses.campinagrande.pb.gov.br\/index.php?rest_route=%2Fwp%2Fv2%2Fcomments&post=62"}],"version-history":[{"count":10,"href":"https:\/\/centrodezoonoses.campinagrande.pb.gov.br\/index.php?rest_route=\/wp\/v2\/pages\/62\/revisions"}],"predecessor-version":[{"id":299,"href":"https:\/\/centrodezoonoses.campinagrande.pb.gov.br\/index.php?rest_route=\/wp\/v2\/pages\/62\/revisions\/299"}],"wp:attachment":[{"href":"https:\/\/centrodezoonoses.campinagrande.pb.gov.br\/index.php?rest_route=%2Fwp%2Fv2%2Fmedia&parent=62"}],"curies":[{"name":"wp","href":"https:\/\/api.w.org\/{rel}","templated":true}]}}