{"id":66,"date":"2022-02-25T09:28:37","date_gmt":"2022-02-25T12:28:37","guid":{"rendered":"http:\/\/localhost\/zoonoses\/?page_id=66"},"modified":"2026-03-31T09:13:25","modified_gmt":"2026-03-31T12:13:25","slug":"agendamento","status":"publish","type":"page","link":"https:\/\/centrodezoonoses.campinagrande.pb.gov.br\/?page_id=66","title":{"rendered":"Agendamento"},"content":{"rendered":"\t\t<div data-elementor-type=\"wp-page\" data-elementor-id=\"66\" class=\"elementor elementor-66\">\n\t\t\t\t\t\t<section class=\"elementor-section elementor-top-section elementor-element elementor-element-a109319 elementor-section-boxed elementor-section-height-default elementor-section-height-default\" data-id=\"a109319\" data-element_type=\"section\">\n\t\t\t\t\t\t<div class=\"elementor-container elementor-column-gap-default\">\n\t\t\t\t\t<div class=\"elementor-column elementor-col-100 elementor-top-column elementor-element elementor-element-d1b66a9\" data-id=\"d1b66a9\" data-element_type=\"column\">\n\t\t\t<div class=\"elementor-widget-wrap elementor-element-populated\">\n\t\t\t\t\t\t<div class=\"elementor-element elementor-element-c8d7977 elementor-widget elementor-widget-heading\" data-id=\"c8d7977\" data-element_type=\"widget\" data-widget_type=\"heading.default\">\n\t\t\t\t<div class=\"elementor-widget-container\">\n\t\t\t\t\t<h2 class=\"elementor-heading-title elementor-size-default\"><br>IMPORT\u00c2NCIA DA CASTRA\u00c7\u00c3O\n\n<\/h2>\t\t\t\t<\/div>\n\t\t\t\t<\/div>\n\t\t\t\t\t<\/div>\n\t\t<\/div>\n\t\t\t\t\t<\/div>\n\t\t<\/section>\n\t\t\t\t<section class=\"elementor-section elementor-top-section elementor-element elementor-element-74135f1 elementor-section-boxed elementor-section-height-default elementor-section-height-default\" data-id=\"74135f1\" data-element_type=\"section\">\n\t\t\t\t\t\t<div class=\"elementor-container elementor-column-gap-default\">\n\t\t\t\t\t<div class=\"elementor-column elementor-col-100 elementor-top-column elementor-element elementor-element-3f8ab0f\" data-id=\"3f8ab0f\" data-element_type=\"column\">\n\t\t\t<div class=\"elementor-widget-wrap elementor-element-populated\">\n\t\t\t\t\t\t<div class=\"elementor-element elementor-element-1a4d2ea elementor-widget elementor-widget-text-editor\" data-id=\"1a4d2ea\" data-element_type=\"widget\" data-widget_type=\"text-editor.default\">\n\t\t\t\t<div class=\"elementor-widget-container\">\n\t\t\t\t\t\t\t\t\t<p>Voc\u00ea j\u00e1 ouviu falar a frase &#8220;castrar \u00e9 um ato de amor&#8221;? Pois n\u00e3o poderia ser mais correta!<\/p><p>Ainda persistem antigos mitos sobre a castra\u00e7\u00e3o dos pets, como por exemplo, que o macho ficar\u00e1 frustrado e triste ou que a f\u00eamea dever\u00e1 ter ao menos uma ninhada antes de ser castrada para que se mantenha saud\u00e1vel e feliz, mas nada disso \u00e9 verdadeiro!<\/p><p>Al\u00e9m de ser a medida mais segura e eficaz de controle populacional, a castra\u00e7\u00e3o traz in\u00fameros benef\u00edcios para a sa\u00fade do seu pet, como esses que elencaremos a seguir:<\/p><ul><li>Nas f\u00eameas, a castra\u00e7\u00e3o diminui o risco de c\u00e2ncer de mama. E quanto mais cedo, melhor: 99% das cadelas castradas antes do primeiro cio n\u00e3o desenvolvem a doen\u00e7a. Nas gatas a castra\u00e7\u00e3o reduz as chances de c\u00e2ncer de mama entre 40 a 60%.<\/li><li>As f\u00eameas n\u00e3o ficam mais vulner\u00e1veis a infec\u00e7\u00f5es uterinas graves, como a piometra, uma vez que o seu aparelho reprodutor \u00e9 removido durante o procedimento;<b><\/b><\/li><li>As f\u00eameas n\u00e3o entram mais no cio, poupando os tutores de lidar com esse per\u00edodo;<\/li><li>Em machos, a castra\u00e7\u00e3o reduz a frustra\u00e7\u00e3o sexual e a necessidade de sair em busca de &#8220;namoradas&#8221;. Ao mesmo tempo, isso diminui o risco de fugas, atropelamentos e brigas com outros machos;<\/li><li>Com a castra\u00e7\u00e3o dos machos, reduz-se em grande escala os problemas de pr\u00f3stata e evita-se o c\u00e2ncer de test\u00edculo, que pode ser fatal;<\/li><li>C\u00e3es e gatos machos sentem menos necessidade de marcar o seu territ\u00f3rio com urina;<\/li><li>Seu pet tamb\u00e9m pode ficar mais d\u00f3cil, facilitando a intera\u00e7\u00e3o e reduzindo situa\u00e7\u00f5es problem\u00e1ticas, especialmente entre os que tinham comportamento agressivo antes.<\/li><\/ul><p>\u00c9 importante ressaltar que a castra\u00e7\u00e3o n\u00e3o faz os animais engordarem, o que acontece em alguns casos \u00e9 a redu\u00e7\u00e3o de atividade f\u00edsica, pois o animal fica mais calmo e isso sim pode lev\u00e1-lo a ganhar peso. A castra\u00e7\u00e3o \u00e9 sim um ato de amor.<\/p>\t\t\t\t\t\t\t\t<\/div>\n\t\t\t\t<\/div>\n\t\t\t\t\t<\/div>\n\t\t<\/div>\n\t\t\t\t\t<\/div>\n\t\t<\/section>\n\t\t\t\t<section class=\"elementor-section elementor-top-section elementor-element elementor-element-5fc9bd8 elementor-section-boxed elementor-section-height-default elementor-section-height-default\" data-id=\"5fc9bd8\" data-element_type=\"section\">\n\t\t\t\t\t\t<div class=\"elementor-container elementor-column-gap-default\">\n\t\t\t\t\t<div class=\"elementor-column elementor-col-100 elementor-top-column elementor-element elementor-element-8fa4252\" data-id=\"8fa4252\" data-element_type=\"column\">\n\t\t\t<div class=\"elementor-widget-wrap\">\n\t\t\t\t\t\t\t<\/div>\n\t\t<\/div>\n\t\t\t\t\t<\/div>\n\t\t<\/section>\n\t\t\t\t<section class=\"elementor-section elementor-top-section elementor-element elementor-element-5cae4ea elementor-section-boxed elementor-section-height-default elementor-section-height-default\" data-id=\"5cae4ea\" data-element_type=\"section\">\n\t\t\t\t\t\t<div class=\"elementor-container elementor-column-gap-default\">\n\t\t\t\t\t<div class=\"elementor-column elementor-col-100 elementor-top-column elementor-element elementor-element-e50ad92\" data-id=\"e50ad92\" data-element_type=\"column\">\n\t\t\t<div class=\"elementor-widget-wrap elementor-element-populated\">\n\t\t\t\t\t\t<div class=\"elementor-element elementor-element-eedc32a elementor-widget elementor-widget-heading\" data-id=\"eedc32a\" data-element_type=\"widget\" data-widget_type=\"heading.default\">\n\t\t\t\t<div class=\"elementor-widget-container\">\n\t\t\t\t\t<h2 class=\"elementor-heading-title elementor-size-default\">CUIDADOS PR\u00c9 OPERAT\u00d3RIO\n<\/h2>\t\t\t\t<\/div>\n\t\t\t\t<\/div>\n\t\t\t\t\t<\/div>\n\t\t<\/div>\n\t\t\t\t\t<\/div>\n\t\t<\/section>\n\t\t\t\t<section class=\"elementor-section elementor-top-section elementor-element elementor-element-f040835 elementor-section-boxed elementor-section-height-default elementor-section-height-default\" data-id=\"f040835\" data-element_type=\"section\">\n\t\t\t\t\t\t<div class=\"elementor-container elementor-column-gap-default\">\n\t\t\t\t\t<div class=\"elementor-column elementor-col-100 elementor-top-column elementor-element elementor-element-96f8f5f\" data-id=\"96f8f5f\" data-element_type=\"column\">\n\t\t\t<div class=\"elementor-widget-wrap elementor-element-populated\">\n\t\t\t\t\t\t<div class=\"elementor-element elementor-element-05a9f2c elementor-widget elementor-widget-text-editor\" data-id=\"05a9f2c\" data-element_type=\"widget\" data-widget_type=\"text-editor.default\">\n\t\t\t\t<div class=\"elementor-widget-container\">\n\t\t\t\t\t\t\t\t\t<p><span style=\"color: var( --e-global-color-text ); font-family: var( --e-global-typography-text-font-family ), Sans-serif; font-weight: var( --e-global-typography-text-font-weight );\">Quando o animal \u00e9 submetido a um procedimento anest\u00e9sico-cir\u00fargico \u00e9 importante seguir corretamente estas orienta\u00e7\u00f5es:<\/span><\/p><p>I &#8211; Traga-o em jejum alimentar de 12 horas e de \u00e1gua de, no m\u00ednimo, 06 horas.<\/p><p>II &#8211; Banhe-o um dia antes da cirurgia.<\/p><p>III- Antes do procedimento o animal ser\u00e1 submetido a exame e avalia\u00e7\u00e3o do m\u00e9dico veterin\u00e1rio.<\/p>\t\t\t\t\t\t\t\t<\/div>\n\t\t\t\t<\/div>\n\t\t\t\t<div class=\"elementor-element elementor-element-e13821d elementor-widget elementor-widget-text-editor\" data-id=\"e13821d\" data-element_type=\"widget\" data-widget_type=\"text-editor.default\">\n\t\t\t\t<div class=\"elementor-widget-container\">\n\t\t\t\t\t\t\t\t\t<p>Este Centro disp\u00f5e de um quantitativo fixo de vagas que s\u00e3o oferecidas por m\u00eas, por\u00e9m, como a demanda \u00e9 sempre maior realizamos frequentemente mutir\u00f5es de castra\u00e7\u00f5es, com objetivo de ampliar ainda mais o n\u00famero de vagas j\u00e1 ofertadas.<\/p>\t\t\t\t\t\t\t\t<\/div>\n\t\t\t\t<\/div>\n\t\t\t\t\t<\/div>\n\t\t<\/div>\n\t\t\t\t\t<\/div>\n\t\t<\/section>\n\t\t\t\t<section class=\"elementor-section elementor-top-section elementor-element elementor-element-d4fe484 elementor-section-boxed elementor-section-height-default elementor-section-height-default\" data-id=\"d4fe484\" data-element_type=\"section\">\n\t\t\t\t\t\t<div class=\"elementor-container elementor-column-gap-default\">\n\t\t\t\t\t<div class=\"elementor-column elementor-col-100 elementor-top-column elementor-element elementor-element-bb4a93a\" data-id=\"bb4a93a\" data-element_type=\"column\">\n\t\t\t<div class=\"elementor-widget-wrap elementor-element-populated\">\n\t\t\t\t\t\t<div class=\"elementor-element elementor-element-1c4948d elementor-widget elementor-widget-text-editor\" data-id=\"1c4948d\" data-element_type=\"widget\" data-widget_type=\"text-editor.default\">\n\t\t\t\t<div class=\"elementor-widget-container\">\n\t\t\t\t\t\t\t\t\t<p><b>Data do pr\u00f3ximo agendamento: 30\/01\/2026. A partir das 08h.<\/b><\/p><p><strong>\u00a0Vagas Limitadas!!!<\/strong><\/p><p>\u00c9 permetido apenas 01 (um) animal cadastrado por CPF, para podermos atender o maior n\u00famero de pessoas poss\u00edveis! \u00c9\u00a0<span style=\"color: var( --e-global-color-text ); font-family: var( --e-global-typography-text-font-family ), Sans-serif; font-weight: var( --e-global-typography-text-font-weight );\">necess\u00e1rio receber o aux\u00edlio do Bolsa Fam\u00edlia para realizar o procedimento.<\/span><\/p>\t\t\t\t\t\t\t\t<\/div>\n\t\t\t\t<\/div>\n\t\t\t\t<div class=\"elementor-element elementor-element-0f6849b elementor-widget elementor-widget-button\" data-id=\"0f6849b\" data-element_type=\"widget\" data-widget_type=\"button.default\">\n\t\t\t\t<div class=\"elementor-widget-container\">\n\t\t\t\t\t\t\t\t\t<div class=\"elementor-button-wrapper\">\n\t\t\t\t\t<a class=\"elementor-button elementor-button-link elementor-size-sm\" href=\"https:\/\/forms.gle\/6HpXBrcQ5fxWrnNP6\" target=\"_blank\">\n\t\t\t\t\t\t<span class=\"elementor-button-content-wrapper\">\n\t\t\t\t\t\t\t\t\t<span class=\"elementor-button-text\">Cadastrar<\/span>\n\t\t\t\t\t<\/span>\n\t\t\t\t\t<\/a>\n\t\t\t\t<\/div>\n\t\t\t\t\t\t\t\t<\/div>\n\t\t\t\t<\/div>\n\t\t\t\t\t<\/div>\n\t\t<\/div>\n\t\t\t\t\t<\/div>\n\t\t<\/section>\n\t\t\t\t<\/div>\n\t\t","protected":false},"excerpt":{"rendered":"<p>IMPORT\u00c2NCIA DA CASTRA\u00c7\u00c3O Voc\u00ea j\u00e1 ouviu falar a frase &#8220;castrar \u00e9 um ato de amor&#8221;? Pois n\u00e3o poderia ser mais correta! Ainda persistem antigos mitos [&hellip;]<\/p>\n","protected":false},"author":1,"featured_media":0,"parent":0,"menu_order":0,"comment_status":"closed","ping_status":"closed","template":"","meta":{"footnotes":""},"class_list":["post-66","page","type-page","status-publish","hentry"],"_links":{"self":[{"href":"https:\/\/centrodezoonoses.campinagrande.pb.gov.br\/index.php?rest_route=\/wp\/v2\/pages\/66","targetHints":{"allow":["GET"]}}],"collection":[{"href":"https:\/\/centrodezoonoses.campinagrande.pb.gov.br\/index.php?rest_route=\/wp\/v2\/pages"}],"about":[{"href":"https:\/\/centrodezoonoses.campinagrande.pb.gov.br\/index.php?rest_route=\/wp\/v2\/types\/page"}],"author":[{"embeddable":true,"href":"https:\/\/centrodezoonoses.campinagrande.pb.gov.br\/index.php?rest_route=\/wp\/v2\/users\/1"}],"replies":[{"embeddable":true,"href":"https:\/\/centrodezoonoses.campinagrande.pb.gov.br\/index.php?rest_route=%2Fwp%2Fv2%2Fcomments&post=66"}],"version-history":[{"count":214,"href":"https:\/\/centrodezoonoses.campinagrande.pb.gov.br\/index.php?rest_route=\/wp\/v2\/pages\/66\/revisions"}],"predecessor-version":[{"id":1135,"href":"https:\/\/centrodezoonoses.campinagrande.pb.gov.br\/index.php?rest_route=\/wp\/v2\/pages\/66\/revisions\/1135"}],"wp:attachment":[{"href":"https:\/\/centrodezoonoses.campinagrande.pb.gov.br\/index.php?rest_route=%2Fwp%2Fv2%2Fmedia&parent=66"}],"curies":[{"name":"wp","href":"https:\/\/api.w.org\/{rel}","templated":true}]}}