{"id":699,"date":"2023-12-22T00:09:01","date_gmt":"2023-12-22T03:09:01","guid":{"rendered":"https:\/\/centrodezoonoses.campinagrande.pb.gov.br\/?page_id=699"},"modified":"2023-12-22T11:14:31","modified_gmt":"2023-12-22T14:14:31","slug":"cadastro-de-ongs-e-protetores-independentes","status":"publish","type":"page","link":"https:\/\/centrodezoonoses.campinagrande.pb.gov.br\/?page_id=699","title":{"rendered":"Cadastro de ONGs, Protetores Independentes e Projetos"},"content":{"rendered":"\t\t<div data-elementor-type=\"wp-page\" data-elementor-id=\"699\" class=\"elementor elementor-699\">\n\t\t\t\t\t\t<section class=\"elementor-section elementor-top-section elementor-element elementor-element-f31705f elementor-section-boxed elementor-section-height-default elementor-section-height-default\" data-id=\"f31705f\" data-element_type=\"section\">\n\t\t\t\t\t\t<div class=\"elementor-container elementor-column-gap-default\">\n\t\t\t\t\t<div class=\"elementor-column elementor-col-100 elementor-top-column elementor-element elementor-element-6b739d7\" data-id=\"6b739d7\" data-element_type=\"column\">\n\t\t\t<div class=\"elementor-widget-wrap elementor-element-populated\">\n\t\t\t\t\t\t<div class=\"elementor-element elementor-element-13c1399 elementor-widget elementor-widget-spacer\" data-id=\"13c1399\" data-element_type=\"widget\" data-widget_type=\"spacer.default\">\n\t\t\t\t<div class=\"elementor-widget-container\">\n\t\t\t\t\t\t\t<div class=\"elementor-spacer\">\n\t\t\t<div class=\"elementor-spacer-inner\"><\/div>\n\t\t<\/div>\n\t\t\t\t\t\t<\/div>\n\t\t\t\t<\/div>\n\t\t\t\t<div class=\"elementor-element elementor-element-7e972f3 elementor-widget elementor-widget-heading\" data-id=\"7e972f3\" data-element_type=\"widget\" data-widget_type=\"heading.default\">\n\t\t\t\t<div class=\"elementor-widget-container\">\n\t\t\t\t\t<h2 class=\"elementor-heading-title elementor-size-default\">SOBRE<\/h2>\t\t\t\t<\/div>\n\t\t\t\t<\/div>\n\t\t\t\t<div class=\"elementor-element elementor-element-7bd7116 elementor-widget elementor-widget-text-editor\" data-id=\"7bd7116\" data-element_type=\"widget\" data-widget_type=\"text-editor.default\">\n\t\t\t\t<div class=\"elementor-widget-container\">\n\t\t\t\t\t\t\t\t\t<p>A Secretaria Municipal de Sa\u00fade, por interm\u00e9dio do centro de Zoonoses de Campina Grande, conta com a colabora\u00e7\u00e3o de todas as ONGs, Protetores Independentes e Projetos em benef\u00edcio aos animais, para o desenvolvimento de pol\u00edticas p\u00fablicas voltadas \u00e0 causa animal.<\/p>\t\t\t\t\t\t\t\t<\/div>\n\t\t\t\t<\/div>\n\t\t\t\t<div class=\"elementor-element elementor-element-92db969 elementor-widget elementor-widget-text-editor\" data-id=\"92db969\" data-element_type=\"widget\" data-widget_type=\"text-editor.default\">\n\t\t\t\t<div class=\"elementor-widget-container\">\n\t\t\t\t\t\t\t\t\t<p>Com esse cadastramento, iremos mapear os segmentos atuantes na causa animal em nosso Munic\u00edpio, com o intuito de elaborar futuras parcerias e estudar a realidade de cada protetor, ONG e projeto.<\/p>\t\t\t\t\t\t\t\t<\/div>\n\t\t\t\t<\/div>\n\t\t\t\t<div class=\"elementor-element elementor-element-f84b261 elementor-widget elementor-widget-text-editor\" data-id=\"f84b261\" data-element_type=\"widget\" data-widget_type=\"text-editor.default\">\n\t\t\t\t<div class=\"elementor-widget-container\">\n\t\t\t\t\t\t\t\t\t<p>Juntos, contruiremos uma Campina que ama e protege os animais.<\/p>\t\t\t\t\t\t\t\t<\/div>\n\t\t\t\t<\/div>\n\t\t\t\t\t<\/div>\n\t\t<\/div>\n\t\t\t\t\t<\/div>\n\t\t<\/section>\n\t\t\t\t<section class=\"elementor-section elementor-top-section elementor-element elementor-element-5cf580e elementor-section-boxed elementor-section-height-default elementor-section-height-default\" data-id=\"5cf580e\" data-element_type=\"section\">\n\t\t\t\t\t\t<div class=\"elementor-container elementor-column-gap-default\">\n\t\t\t\t\t<div class=\"elementor-column elementor-col-100 elementor-top-column elementor-element elementor-element-cc3bfde\" data-id=\"cc3bfde\" data-element_type=\"column\">\n\t\t\t<div class=\"elementor-widget-wrap elementor-element-populated\">\n\t\t\t\t\t\t<div class=\"elementor-element elementor-element-0f68d67 elementor-widget elementor-widget-spacer\" data-id=\"0f68d67\" data-element_type=\"widget\" data-widget_type=\"spacer.default\">\n\t\t\t\t<div class=\"elementor-widget-container\">\n\t\t\t\t\t\t\t<div class=\"elementor-spacer\">\n\t\t\t<div class=\"elementor-spacer-inner\"><\/div>\n\t\t<\/div>\n\t\t\t\t\t\t<\/div>\n\t\t\t\t<\/div>\n\t\t\t\t<div class=\"elementor-element elementor-element-afbffea elementor-widget elementor-widget-heading\" data-id=\"afbffea\" data-element_type=\"widget\" data-widget_type=\"heading.default\">\n\t\t\t\t<div class=\"elementor-widget-container\">\n\t\t\t\t\t<h2 class=\"elementor-heading-title elementor-size-default\">Acesse o formul\u00e1rio abaixo e una-se a n\u00f3s nesta causa<\/h2>\t\t\t\t<\/div>\n\t\t\t\t<\/div>\n\t\t\t\t<div class=\"elementor-element elementor-element-ce72632 elementor-align-center elementor-widget__width-inherit elementor-widget elementor-widget-button\" data-id=\"ce72632\" data-element_type=\"widget\" data-widget_type=\"button.default\">\n\t\t\t\t<div class=\"elementor-widget-container\">\n\t\t\t\t\t\t\t\t\t<div class=\"elementor-button-wrapper\">\n\t\t\t\t\t<a class=\"elementor-button elementor-button-link elementor-size-md elementor-animation-grow\" href=\"https:\/\/forms.gle\/hyfFboaBiABYuNYW8\">\n\t\t\t\t\t\t<span class=\"elementor-button-content-wrapper\">\n\t\t\t\t\t\t\t\t\t<span class=\"elementor-button-text\">Formul\u00e1rio de Cadastro<\/span>\n\t\t\t\t\t<\/span>\n\t\t\t\t\t<\/a>\n\t\t\t\t<\/div>\n\t\t\t\t\t\t\t\t<\/div>\n\t\t\t\t<\/div>\n\t\t\t\t\t<\/div>\n\t\t<\/div>\n\t\t\t\t\t<\/div>\n\t\t<\/section>\n\t\t\t\t<section class=\"elementor-section elementor-top-section elementor-element elementor-element-152e9c7 elementor-section-boxed elementor-section-height-default elementor-section-height-default\" data-id=\"152e9c7\" data-element_type=\"section\">\n\t\t\t\t\t\t<div class=\"elementor-container elementor-column-gap-default\">\n\t\t\t\t\t<div class=\"elementor-column elementor-col-100 elementor-top-column elementor-element elementor-element-7e28d78\" data-id=\"7e28d78\" data-element_type=\"column\">\n\t\t\t<div class=\"elementor-widget-wrap elementor-element-populated\">\n\t\t\t\t\t\t<div class=\"elementor-element elementor-element-ed40a22 elementor-widget elementor-widget-spacer\" data-id=\"ed40a22\" data-element_type=\"widget\" data-widget_type=\"spacer.default\">\n\t\t\t\t<div class=\"elementor-widget-container\">\n\t\t\t\t\t\t\t<div class=\"elementor-spacer\">\n\t\t\t<div class=\"elementor-spacer-inner\"><\/div>\n\t\t<\/div>\n\t\t\t\t\t\t<\/div>\n\t\t\t\t<\/div>\n\t\t\t\t<div class=\"elementor-element elementor-element-731c502 elementor-widget__width-inherit elementor-widget elementor-widget-image\" data-id=\"731c502\" data-element_type=\"widget\" data-widget_type=\"image.default\">\n\t\t\t\t<div class=\"elementor-widget-container\">\n\t\t\t\t\t\t\t\t\t\t\t\t\t\t\t\t<a href=\"https:\/\/saude.campinagrande.pb.gov.br\/\">\n\t\t\t\t\t\t\t<img fetchpriority=\"high\" decoding=\"async\" width=\"640\" height=\"138\" src=\"https:\/\/centrodezoonoses.campinagrande.pb.gov.br\/wp-content\/uploads\/2023\/12\/logo-secsaude-1-768x166.png\" class=\"elementor-animation-float attachment-medium_large size-medium_large wp-image-726\" alt=\"Secretaria de Sa\u00fade - Campina Grande, cidade que transforma\" srcset=\"https:\/\/centrodezoonoses.campinagrande.pb.gov.br\/wp-content\/uploads\/2023\/12\/logo-secsaude-1-768x166.png 768w, https:\/\/centrodezoonoses.campinagrande.pb.gov.br\/wp-content\/uploads\/2023\/12\/logo-secsaude-1-300x65.png 300w, https:\/\/centrodezoonoses.campinagrande.pb.gov.br\/wp-content\/uploads\/2023\/12\/logo-secsaude-1-1024x221.png 1024w, https:\/\/centrodezoonoses.campinagrande.pb.gov.br\/wp-content\/uploads\/2023\/12\/logo-secsaude-1.png 1214w\" sizes=\"(max-width: 640px) 100vw, 640px\" \/>\t\t\t\t\t\t\t\t<\/a>\n\t\t\t\t\t\t\t\t\t\t\t\t\t\t\t<\/div>\n\t\t\t\t<\/div>\n\t\t\t\t\t<\/div>\n\t\t<\/div>\n\t\t\t\t\t<\/div>\n\t\t<\/section>\n\t\t\t\t<\/div>\n\t\t","protected":false},"excerpt":{"rendered":"<p>SOBRE A Secretaria Municipal de Sa\u00fade, por interm\u00e9dio do centro de Zoonoses de Campina Grande, conta com a colabora\u00e7\u00e3o de todas as ONGs, Protetores Independentes [&hellip;]<\/p>\n","protected":false},"author":3,"featured_media":0,"parent":32,"menu_order":0,"comment_status":"closed","ping_status":"closed","template":"elementor_header_footer","meta":{"footnotes":""},"class_list":["post-699","page","type-page","status-publish","hentry"],"_links":{"self":[{"href":"https:\/\/centrodezoonoses.campinagrande.pb.gov.br\/index.php?rest_route=\/wp\/v2\/pages\/699","targetHints":{"allow":["GET"]}}],"collection":[{"href":"https:\/\/centrodezoonoses.campinagrande.pb.gov.br\/index.php?rest_route=\/wp\/v2\/pages"}],"about":[{"href":"https:\/\/centrodezoonoses.campinagrande.pb.gov.br\/index.php?rest_route=\/wp\/v2\/types\/page"}],"author":[{"embeddable":true,"href":"https:\/\/centrodezoonoses.campinagrande.pb.gov.br\/index.php?rest_route=\/wp\/v2\/users\/3"}],"replies":[{"embeddable":true,"href":"https:\/\/centrodezoonoses.campinagrande.pb.gov.br\/index.php?rest_route=%2Fwp%2Fv2%2Fcomments&post=699"}],"version-history":[{"count":17,"href":"https:\/\/centrodezoonoses.campinagrande.pb.gov.br\/index.php?rest_route=\/wp\/v2\/pages\/699\/revisions"}],"predecessor-version":[{"id":729,"href":"https:\/\/centrodezoonoses.campinagrande.pb.gov.br\/index.php?rest_route=\/wp\/v2\/pages\/699\/revisions\/729"}],"up":[{"embeddable":true,"href":"https:\/\/centrodezoonoses.campinagrande.pb.gov.br\/index.php?rest_route=\/wp\/v2\/pages\/32"}],"wp:attachment":[{"href":"https:\/\/centrodezoonoses.campinagrande.pb.gov.br\/index.php?rest_route=%2Fwp%2Fv2%2Fmedia&parent=699"}],"curies":[{"name":"wp","href":"https:\/\/api.w.org\/{rel}","templated":true}]}}